{"id":866,"date":"2024-09-23T10:17:50","date_gmt":"2024-09-23T08:17:50","guid":{"rendered":"https:\/\/cookiemanager.io\/se\/?page_id=866"},"modified":"2024-09-23T10:26:11","modified_gmt":"2024-09-23T08:26:11","slug":"attribut-for-skript","status":"publish","type":"page","link":"https:\/\/cookiemanager.io\/se\/dokumentation\/attribut-for-skript\/","title":{"rendered":"Attribut f\u00f6r skript"},"content":{"rendered":"<table border=\"1\">\n<tbody>\n<tr>\n<td><strong>Attributets namn<\/strong><\/td>\n<td><strong>Beskrivning av attributet<\/strong><\/td>\n<td><strong>Standardv\u00e4rde\/<br \/>\nreserv<\/strong><\/td>\n<\/tr>\n<tr>\n<td>data-cookiemanager<\/td>\n<td>Detta \u00e4r ett obligatoriskt attribut som g\u00f6r det m\u00f6jligt f\u00f6r skriptet att k\u00e4nna igen sig sj\u00e4lvt under skanning.<\/td>\n<td>true<\/td>\n<\/tr>\n<tr>\n<td>data-domain<\/td>\n<td>ange vilken dom\u00e4n cookiehanteraren tillh\u00f6r, detta kan vara anv\u00e4ndbart f\u00f6r testwebbplatser som \u00e4nnu inte \u00e4r live.<\/td>\n<td>window.location.hostname<\/td>\n<\/tr>\n<tr>\n<td>data-subdomain-support<\/td>\n<td>Underdom\u00e4ner som delar cookies med huvuddom\u00e4nen b\u00f6r ha detta attribut inst\u00e4llt p\u00e5 true<\/td>\n<td>false<\/td>\n<\/tr>\n<tr>\n<td>data-lang<\/td>\n<td>Om du vill ange ett annat spr\u00e5k \u00e4n det som sidan \u00e4r p\u00e5 kan du definiera det h\u00e4r, antingen &#8221;da&#8221; eller &#8221;en&#8221; s\u00e5 kommer spr\u00e5kst\u00f6det.<\/td>\n<td>html lang attribute<\/td>\n<\/tr>\n<tr>\n<td>data-policy-link<\/td>\n<td>En l\u00e4nk till en eventuell undersida om integritetspolicy<\/td>\n<td>false<\/td>\n<\/tr>\n<tr>\n<td>data-repop-element<\/td>\n<td>\n<p>Best\u00e4mmer positionen f\u00f6r repop-elementet, accepterar &#8221;left&#8221;, &#8221;right&#8221; och &#8221;off&#8221;<\/p>\n<p>observera att om inst\u00e4llningen \u00e4r &#8221;off&#8221; m\u00e5ste det finnas en l\u00e4nk till repop consent n\u00e5gonstans p\u00e5 varje undersida, eventuellt i sidfoten<\/td>\n<td>left<\/td>\n<\/tr>\n<tr>\n<td>data-block-content<\/td>\n<td>\n<p>Best\u00e4mmer om cookie-skriptet ska g\u00e5 in och blockera annat inneh\u00e5ll \u00e4n cookies om anv\u00e4ndarna s\u00e4ger nej till modalen eller medan vi v\u00e4ntar p\u00e5 samtycke<\/p>\n<p>accepterar en str\u00e4ng som inneh\u00e5ller f\u00f6ljande element &#8221;iframe&#8221;, &#8221;script&#8221;, &#8221;image&#8221;, &#8221;fetch&#8221;<\/p>\n<p>exempel: data-block-content=&#8221;iframe, script, fetch&#8221;<\/td>\n<td>&#8221;&#8221;<\/td>\n<\/tr>\n<tr>\n<td>data-use-csp<\/td>\n<td>\n<p>st\u00e4ller in en Content Security Policy f\u00f6r en dom\u00e4n f\u00f6r att blockera alla skript, den \u00e4r ganska aggressiv, s\u00e5 var f\u00f6rsiktig med att anv\u00e4nda den.<\/p>\n<p>exempel: data-block-content=&#8221;true&#8221;<\/td>\n<td>false<\/td>\n<\/tr>\n<tr>\n<td>data-logo<\/td>\n<td>\n<p>kommaseparerad lista med logotypens webbadress, bredd, h\u00f6jd och position, alternativen f\u00f6r position \u00e4r v\u00e4nster, mitt och h\u00f6ger, och om den parametern inte anges \u00e4r mitt reservalternativet.<\/p>\n<p>exempel: data-block-content=&#8221;\/images\/logo.png, 70, 85, left&#8221;<\/td>\n<td>false<\/td>\n<\/tr>\n<\/tbody>\n<\/table>\n<p>&nbsp;<\/p>\n","protected":false},"excerpt":{"rendered":"<p>Attributets namn Beskrivning av attributet Standardv\u00e4rde\/ reserv data-cookiemanager Detta \u00e4r ett obligatoriskt attribut som g\u00f6r det m\u00f6jligt f\u00f6r skriptet att&#8230;<\/p>\n","protected":false},"author":1,"featured_media":0,"parent":852,"menu_order":0,"comment_status":"closed","ping_status":"closed","template":"","meta":{"footnotes":""},"acf":[],"yoast_head":"<!-- This site is optimized with the Yoast SEO plugin v21.5 - https:\/\/yoast.com\/wordpress\/plugins\/seo\/ -->\n<title>Attribut f\u00f6r skript - Cookie Manager<\/title>\n<meta name=\"robots\" content=\"index, follow, max-snippet:-1, max-image-preview:large, max-video-preview:-1\" \/>\n<link rel=\"canonical\" href=\"https:\/\/cookiemanager.io\/se\/dokumentation\/attribut-for-skript\/\" \/>\n<meta property=\"og:locale\" content=\"sv_SE\" \/>\n<meta property=\"og:type\" content=\"article\" \/>\n<meta property=\"og:title\" content=\"Attribut f\u00f6r skript - Cookie Manager\" \/>\n<meta property=\"og:description\" content=\"Attributets namn Beskrivning av attributet Standardv\u00e4rde\/ reserv data-cookiemanager Detta \u00e4r ett obligatoriskt attribut som g\u00f6r det m\u00f6jligt f\u00f6r skriptet att...\" \/>\n<meta property=\"og:url\" content=\"https:\/\/cookiemanager.io\/se\/dokumentation\/attribut-for-skript\/\" \/>\n<meta property=\"og:site_name\" content=\"Cookie Manager\" \/>\n<meta property=\"article:modified_time\" content=\"2024-09-23T08:26:11+00:00\" \/>\n<meta name=\"twitter:card\" content=\"summary_large_image\" \/>\n<meta name=\"twitter:label1\" content=\"Ber\u00e4knad l\u00e4stid\" \/>\n\t<meta name=\"twitter:data1\" content=\"2 minuter\" \/>\n<!-- \/ Yoast SEO plugin. -->","yoast_head_json":{"title":"Attribut f\u00f6r skript - Cookie Manager","robots":{"index":"index","follow":"follow","max-snippet":"max-snippet:-1","max-image-preview":"max-image-preview:large","max-video-preview":"max-video-preview:-1"},"canonical":"https:\/\/cookiemanager.io\/se\/dokumentation\/attribut-for-skript\/","og_locale":"sv_SE","og_type":"article","og_title":"Attribut f\u00f6r skript - Cookie Manager","og_description":"Attributets namn Beskrivning av attributet Standardv\u00e4rde\/ reserv data-cookiemanager Detta \u00e4r ett obligatoriskt attribut som g\u00f6r det m\u00f6jligt f\u00f6r skriptet att...","og_url":"https:\/\/cookiemanager.io\/se\/dokumentation\/attribut-for-skript\/","og_site_name":"Cookie Manager","article_modified_time":"2024-09-23T08:26:11+00:00","twitter_card":"summary_large_image","twitter_misc":{"Ber\u00e4knad l\u00e4stid":"2 minuter"},"schema":{"@context":"https:\/\/schema.org","@graph":[{"@type":"WebPage","@id":"https:\/\/cookiemanager.io\/se\/dokumentation\/attribut-for-skript\/","url":"https:\/\/cookiemanager.io\/se\/dokumentation\/attribut-for-skript\/","name":"Attribut f\u00f6r skript - Cookie Manager","isPartOf":{"@id":"https:\/\/cookiemanager.io\/se\/#website"},"datePublished":"2024-09-23T08:17:50+00:00","dateModified":"2024-09-23T08:26:11+00:00","breadcrumb":{"@id":"https:\/\/cookiemanager.io\/se\/dokumentation\/attribut-for-skript\/#breadcrumb"},"inLanguage":"sv-SE","potentialAction":[{"@type":"ReadAction","target":["https:\/\/cookiemanager.io\/se\/dokumentation\/attribut-for-skript\/"]}]},{"@type":"BreadcrumbList","@id":"https:\/\/cookiemanager.io\/se\/dokumentation\/attribut-for-skript\/#breadcrumb","itemListElement":[{"@type":"ListItem","position":1,"name":"Hjem","item":"https:\/\/cookiemanager.io\/se\/"},{"@type":"ListItem","position":2,"name":"Dokumentation","item":"https:\/\/cookiemanager.io\/se\/dokumentation\/"},{"@type":"ListItem","position":3,"name":"Attribut f\u00f6r skript"}]},{"@type":"WebSite","@id":"https:\/\/cookiemanager.io\/se\/#website","url":"https:\/\/cookiemanager.io\/se\/","name":"Cookie Manager","description":"","potentialAction":[{"@type":"SearchAction","target":{"@type":"EntryPoint","urlTemplate":"https:\/\/cookiemanager.io\/se\/?s={search_term_string}"},"query-input":"required name=search_term_string"}],"inLanguage":"sv-SE"}]}},"_links":{"self":[{"href":"https:\/\/cookiemanager.io\/se\/wp-json\/wp\/v2\/pages\/866"}],"collection":[{"href":"https:\/\/cookiemanager.io\/se\/wp-json\/wp\/v2\/pages"}],"about":[{"href":"https:\/\/cookiemanager.io\/se\/wp-json\/wp\/v2\/types\/page"}],"author":[{"embeddable":true,"href":"https:\/\/cookiemanager.io\/se\/wp-json\/wp\/v2\/users\/1"}],"replies":[{"embeddable":true,"href":"https:\/\/cookiemanager.io\/se\/wp-json\/wp\/v2\/comments?post=866"}],"version-history":[{"count":5,"href":"https:\/\/cookiemanager.io\/se\/wp-json\/wp\/v2\/pages\/866\/revisions"}],"predecessor-version":[{"id":875,"href":"https:\/\/cookiemanager.io\/se\/wp-json\/wp\/v2\/pages\/866\/revisions\/875"}],"up":[{"embeddable":true,"href":"https:\/\/cookiemanager.io\/se\/wp-json\/wp\/v2\/pages\/852"}],"wp:attachment":[{"href":"https:\/\/cookiemanager.io\/se\/wp-json\/wp\/v2\/media?parent=866"}],"curies":[{"name":"wp","href":"https:\/\/api.w.org\/{rel}","templated":true}]}}