{"id":853,"date":"2024-09-23T09:56:20","date_gmt":"2024-09-23T07:56:20","guid":{"rendered":"https:\/\/cookiemanager.io\/se\/?page_id=853"},"modified":"2024-09-23T10:27:03","modified_gmt":"2024-09-23T08:27:03","slug":"trigger-for-tag-manager","status":"publish","type":"page","link":"https:\/\/cookiemanager.io\/se\/dokumentation\/trigger-for-tag-manager\/","title":{"rendered":"Trigger f\u00f6r Tag Manager"},"content":{"rendered":"<p>V\u00e5rt cookie-skript st\u00f6der integrerad samtyckeshantering via Tag Manager, utan att du beh\u00f6ver l\u00e4gga till ytterligare JavaScript i Tag Manager f\u00f6r att f\u00e5 det att fungera.<\/p>\n<p><strong>H\u00e4ndelse<\/strong> f\u00f6r<strong>samtyckeshantering<\/strong>:<br \/>\nDen h\u00e4ndelse som anv\u00e4nds kallas <code>cm_consent_manager<\/code> och l\u00e4gger till f\u00f6ljande i datalagret:<\/p>\n<ul>\n<li><code>cm_consent_level<\/code>: Kan ha v\u00e4rdena <code>all<\/code>, <code>none<\/code> eller <code>some.<\/code><\/li>\n<li><code>cm_accepted_consent_categories<\/code>: Inneh\u00e5ller en kommaseparerad lista \u00f6ver accepterade samtyckeskategorier, t.ex.<code>\"necessary, marketing\"<\/code> eller <code>\"necessary, preferences, marketing, statistics\"<\/code><\/li>\n<\/ul>\n<p>F\u00f6r att underl\u00e4tta implementeringen i Tag Manager kan en grundkonfiguration enligt nedan anv\u00e4ndas. Detta kommer att g\u00f6ra installationen smidigare.<\/p>\n<p><strong>Exempel p\u00e5 triggerinst\u00e4llning<\/strong><\/p>\n<p><img loading=\"lazy\" decoding=\"async\" class=\"alignnone size-full wp-image-852\" src=\"https:\/\/cookiemanager.io\/da\/wp-content\/uploads\/sites\/3\/2024\/09\/tagm-step-1.png\" alt=\"\" width=\"334\" height=\"458\" \/><\/p>\n<p><strong>Exempel p\u00e5 konfiguration av tagg<\/strong><br \/>\n(h\u00e4ndelsens namn \u00e4r upp till dig)<strong><br \/>\n<\/strong><\/p>\n<p><img loading=\"lazy\" decoding=\"async\" class=\"alignnone size-full wp-image-853\" src=\"https:\/\/cookiemanager.io\/da\/wp-content\/uploads\/sites\/3\/2024\/09\/tagm-step-2.png\" alt=\"\" width=\"342\" height=\"480\" \/><\/p>\n<p><strong>Exempel p\u00e5 h\u00e4ndelsen n\u00e4r den utl\u00f6ses (taggassistent)<\/strong><\/p>\n<p><img loading=\"lazy\" decoding=\"async\" class=\"alignnone size-full wp-image-854\" src=\"https:\/\/cookiemanager.io\/da\/wp-content\/uploads\/sites\/3\/2024\/09\/tagm-step-3.png\" alt=\"\" width=\"412\" height=\"575\" \/><\/p>\n<p><strong>Exempel p\u00e5 datalager f\u00f6r utl\u00f6st h\u00e4ndelse (taggassistent)<\/strong><\/p>\n<p><img loading=\"lazy\" decoding=\"async\" class=\"alignnone size-full wp-image-855\" src=\"https:\/\/cookiemanager.io\/da\/wp-content\/uploads\/sites\/3\/2024\/09\/tagm-step-4.png\" alt=\"\" width=\"531\" height=\"369\" \/><\/p>\n","protected":false},"excerpt":{"rendered":"<p>V\u00e5rt cookie-skript st\u00f6der integrerad samtyckeshantering via Tag Manager, utan att du beh\u00f6ver l\u00e4gga till ytterligare JavaScript i Tag Manager f\u00f6r&#8230;<\/p>\n","protected":false},"author":1,"featured_media":0,"parent":852,"menu_order":0,"comment_status":"closed","ping_status":"closed","template":"","meta":{"footnotes":""},"acf":[],"yoast_head":"<!-- This site is optimized with the Yoast SEO plugin v21.5 - https:\/\/yoast.com\/wordpress\/plugins\/seo\/ -->\n<title>Trigger f\u00f6r Tag Manager - Cookie Manager<\/title>\n<meta name=\"robots\" content=\"index, follow, max-snippet:-1, max-image-preview:large, max-video-preview:-1\" \/>\n<link rel=\"canonical\" href=\"https:\/\/cookiemanager.io\/se\/dokumentation\/trigger-for-tag-manager\/\" \/>\n<meta property=\"og:locale\" content=\"sv_SE\" \/>\n<meta property=\"og:type\" content=\"article\" \/>\n<meta property=\"og:title\" content=\"Trigger f\u00f6r Tag Manager - Cookie Manager\" \/>\n<meta property=\"og:description\" content=\"V\u00e5rt cookie-skript st\u00f6der integrerad samtyckeshantering via Tag Manager, utan att du beh\u00f6ver l\u00e4gga till ytterligare JavaScript i Tag Manager f\u00f6r...\" \/>\n<meta property=\"og:url\" content=\"https:\/\/cookiemanager.io\/se\/dokumentation\/trigger-for-tag-manager\/\" \/>\n<meta property=\"og:site_name\" content=\"Cookie Manager\" \/>\n<meta property=\"article:modified_time\" content=\"2024-09-23T08:27:03+00:00\" \/>\n<meta property=\"og:image\" content=\"https:\/\/cookiemanager.io\/da\/wp-content\/uploads\/sites\/3\/2024\/09\/tagm-step-1.png\" \/>\n<meta name=\"twitter:card\" content=\"summary_large_image\" \/>\n<meta name=\"twitter:label1\" content=\"Ber\u00e4knad l\u00e4stid\" \/>\n\t<meta name=\"twitter:data1\" content=\"2 minuter\" \/>\n<!-- \/ Yoast SEO plugin. -->","yoast_head_json":{"title":"Trigger f\u00f6r Tag Manager - Cookie Manager","robots":{"index":"index","follow":"follow","max-snippet":"max-snippet:-1","max-image-preview":"max-image-preview:large","max-video-preview":"max-video-preview:-1"},"canonical":"https:\/\/cookiemanager.io\/se\/dokumentation\/trigger-for-tag-manager\/","og_locale":"sv_SE","og_type":"article","og_title":"Trigger f\u00f6r Tag Manager - Cookie Manager","og_description":"V\u00e5rt cookie-skript st\u00f6der integrerad samtyckeshantering via Tag Manager, utan att du beh\u00f6ver l\u00e4gga till ytterligare JavaScript i Tag Manager f\u00f6r...","og_url":"https:\/\/cookiemanager.io\/se\/dokumentation\/trigger-for-tag-manager\/","og_site_name":"Cookie Manager","article_modified_time":"2024-09-23T08:27:03+00:00","og_image":[{"url":"https:\/\/cookiemanager.io\/da\/wp-content\/uploads\/sites\/3\/2024\/09\/tagm-step-1.png"}],"twitter_card":"summary_large_image","twitter_misc":{"Ber\u00e4knad l\u00e4stid":"2 minuter"},"schema":{"@context":"https:\/\/schema.org","@graph":[{"@type":"WebPage","@id":"https:\/\/cookiemanager.io\/se\/dokumentation\/trigger-for-tag-manager\/","url":"https:\/\/cookiemanager.io\/se\/dokumentation\/trigger-for-tag-manager\/","name":"Trigger f\u00f6r Tag Manager - Cookie Manager","isPartOf":{"@id":"https:\/\/cookiemanager.io\/se\/#website"},"datePublished":"2024-09-23T07:56:20+00:00","dateModified":"2024-09-23T08:27:03+00:00","breadcrumb":{"@id":"https:\/\/cookiemanager.io\/se\/dokumentation\/trigger-for-tag-manager\/#breadcrumb"},"inLanguage":"sv-SE","potentialAction":[{"@type":"ReadAction","target":["https:\/\/cookiemanager.io\/se\/dokumentation\/trigger-for-tag-manager\/"]}]},{"@type":"BreadcrumbList","@id":"https:\/\/cookiemanager.io\/se\/dokumentation\/trigger-for-tag-manager\/#breadcrumb","itemListElement":[{"@type":"ListItem","position":1,"name":"Hjem","item":"https:\/\/cookiemanager.io\/se\/"},{"@type":"ListItem","position":2,"name":"Dokumentation","item":"https:\/\/cookiemanager.io\/se\/dokumentation\/"},{"@type":"ListItem","position":3,"name":"Trigger f\u00f6r Tag Manager"}]},{"@type":"WebSite","@id":"https:\/\/cookiemanager.io\/se\/#website","url":"https:\/\/cookiemanager.io\/se\/","name":"Cookie Manager","description":"","potentialAction":[{"@type":"SearchAction","target":{"@type":"EntryPoint","urlTemplate":"https:\/\/cookiemanager.io\/se\/?s={search_term_string}"},"query-input":"required name=search_term_string"}],"inLanguage":"sv-SE"}]}},"_links":{"self":[{"href":"https:\/\/cookiemanager.io\/se\/wp-json\/wp\/v2\/pages\/853"}],"collection":[{"href":"https:\/\/cookiemanager.io\/se\/wp-json\/wp\/v2\/pages"}],"about":[{"href":"https:\/\/cookiemanager.io\/se\/wp-json\/wp\/v2\/types\/page"}],"author":[{"embeddable":true,"href":"https:\/\/cookiemanager.io\/se\/wp-json\/wp\/v2\/users\/1"}],"replies":[{"embeddable":true,"href":"https:\/\/cookiemanager.io\/se\/wp-json\/wp\/v2\/comments?post=853"}],"version-history":[{"count":3,"href":"https:\/\/cookiemanager.io\/se\/wp-json\/wp\/v2\/pages\/853\/revisions"}],"predecessor-version":[{"id":860,"href":"https:\/\/cookiemanager.io\/se\/wp-json\/wp\/v2\/pages\/853\/revisions\/860"}],"up":[{"embeddable":true,"href":"https:\/\/cookiemanager.io\/se\/wp-json\/wp\/v2\/pages\/852"}],"wp:attachment":[{"href":"https:\/\/cookiemanager.io\/se\/wp-json\/wp\/v2\/media?parent=853"}],"curies":[{"name":"wp","href":"https:\/\/api.w.org\/{rel}","templated":true}]}}