{"id":851,"date":"2024-09-23T09:54:55","date_gmt":"2024-09-23T07:54:55","guid":{"rendered":"https:\/\/cookiemanager.io\/da\/?page_id=851"},"modified":"2024-09-23T09:59:10","modified_gmt":"2024-09-23T07:59:10","slug":"tagmanager-trigger","status":"publish","type":"page","link":"https:\/\/cookiemanager.io\/da\/dokumentation\/tagmanager-trigger\/","title":{"rendered":"Tagmanager Trigger"},"content":{"rendered":"<p>Vores cookie-script underst\u00f8tter integreret consent management via Tag Manager, uden behov for at tilf\u00f8je yderligere JavaScript i Tag Manager for at f\u00e5 det til at fungere.<\/p>\n<p><strong>Consent Management Event<\/strong>:<br \/>\nEventet, der bruges, hedder <code>cm_consent_manager<\/code>, og det tilf\u00f8jer f\u00f8lgende til datalayeret:<\/p>\n<ul>\n<li><code>cm_consent_level<\/code>: Kan have v\u00e6rdierne <code>all<\/code>, <code>none<\/code>, eller <code>some<\/code>.<\/li>\n<li><code>cm_accepted_consent_categories<\/code>: Indeholder en kommasepareret liste over accepterede samtykkekategorier, f.eks. <code>\"necessary, marketing\"<\/code> eller <code>\"necessary, preferences, marketing, statistics\"<\/code>.<\/li>\n<\/ul>\n<p>For at lette implementeringen i Tag Manager, kan et basis setup som vist nedenfor anvendes. Dette vil g\u00f8re ops\u00e6tningen mere gnidningsfri.<\/p>\n<p>&nbsp;<\/p>\n<p><strong>Eksempel p\u00e5 trigger ops\u00e6tning<\/strong><\/p>\n<p><img loading=\"lazy\" decoding=\"async\" class=\"alignnone size-full wp-image-852\" src=\"https:\/\/cookiemanager.io\/da\/wp-content\/uploads\/sites\/2\/2024\/09\/tagm-step-1.png\" alt=\"\" width=\"334\" height=\"458\" \/><\/p>\n<p><strong>Eksempel p\u00e5 tagkonfiguration<br \/>\n<\/strong>(h\u00e6ndelsesnavnet er op til jer)<strong><br \/>\n<\/strong><\/p>\n<p><img loading=\"lazy\" decoding=\"async\" class=\"alignnone size-full wp-image-853\" src=\"https:\/\/cookiemanager.io\/da\/wp-content\/uploads\/sites\/2\/2024\/09\/tagm-step-2.png\" alt=\"\" width=\"342\" height=\"480\" \/><\/p>\n<p><strong>Eksempel p\u00e5 h\u00e6ndelsen n\u00e5r den er affyret (tag assistant)<\/strong><\/p>\n<p><img loading=\"lazy\" decoding=\"async\" class=\"alignnone size-full wp-image-854\" src=\"https:\/\/cookiemanager.io\/da\/wp-content\/uploads\/sites\/2\/2024\/09\/tagm-step-3.png\" alt=\"\" width=\"412\" height=\"575\" \/><\/p>\n<p><strong>Eksempel p\u00e5 datalayer ved affyret h\u00e6ndelse (tag assistant)<\/strong><\/p>\n<p><img loading=\"lazy\" decoding=\"async\" class=\"alignnone size-full wp-image-855\" src=\"https:\/\/cookiemanager.io\/da\/wp-content\/uploads\/sites\/2\/2024\/09\/tagm-step-4.png\" alt=\"\" width=\"531\" height=\"369\" \/><\/p>\n","protected":false},"excerpt":{"rendered":"<p>Vores cookie-script underst\u00f8tter integreret consent management via Tag Manager, uden behov for at tilf\u00f8je yderligere JavaScript i Tag Manager for&#8230;<\/p>\n","protected":false},"author":1,"featured_media":0,"parent":857,"menu_order":0,"comment_status":"closed","ping_status":"closed","template":"","meta":{"footnotes":""},"acf":[],"yoast_head":"<!-- This site is optimized with the Yoast SEO plugin v21.5 - https:\/\/yoast.com\/wordpress\/plugins\/seo\/ -->\n<title>Tagmanager Trigger - Cookie Manager<\/title>\n<meta name=\"robots\" content=\"index, follow, max-snippet:-1, max-image-preview:large, max-video-preview:-1\" \/>\n<link rel=\"canonical\" href=\"https:\/\/cookiemanager.io\/da\/dokumentation\/tagmanager-trigger\/\" \/>\n<meta property=\"og:locale\" content=\"da_DK\" \/>\n<meta property=\"og:type\" content=\"article\" \/>\n<meta property=\"og:title\" content=\"Tagmanager Trigger - Cookie Manager\" \/>\n<meta property=\"og:description\" content=\"Vores cookie-script underst\u00f8tter integreret consent management via Tag Manager, uden behov for at tilf\u00f8je yderligere JavaScript i Tag Manager for...\" \/>\n<meta property=\"og:url\" content=\"https:\/\/cookiemanager.io\/da\/dokumentation\/tagmanager-trigger\/\" \/>\n<meta property=\"og:site_name\" content=\"Cookie Manager\" \/>\n<meta property=\"article:modified_time\" content=\"2024-09-23T07:59:10+00:00\" \/>\n<meta property=\"og:image\" content=\"https:\/\/cookiemanager.io\/da\/wp-content\/uploads\/sites\/2\/2024\/09\/tagm-step-1.png\" \/>\n<meta name=\"twitter:card\" content=\"summary_large_image\" \/>\n<meta name=\"twitter:label1\" content=\"Estimeret l\u00e6setid\" \/>\n\t<meta name=\"twitter:data1\" content=\"2 minutter\" \/>\n<!-- \/ Yoast SEO plugin. -->","yoast_head_json":{"title":"Tagmanager Trigger - Cookie Manager","robots":{"index":"index","follow":"follow","max-snippet":"max-snippet:-1","max-image-preview":"max-image-preview:large","max-video-preview":"max-video-preview:-1"},"canonical":"https:\/\/cookiemanager.io\/da\/dokumentation\/tagmanager-trigger\/","og_locale":"da_DK","og_type":"article","og_title":"Tagmanager Trigger - Cookie Manager","og_description":"Vores cookie-script underst\u00f8tter integreret consent management via Tag Manager, uden behov for at tilf\u00f8je yderligere JavaScript i Tag Manager for...","og_url":"https:\/\/cookiemanager.io\/da\/dokumentation\/tagmanager-trigger\/","og_site_name":"Cookie Manager","article_modified_time":"2024-09-23T07:59:10+00:00","og_image":[{"url":"https:\/\/cookiemanager.io\/da\/wp-content\/uploads\/sites\/2\/2024\/09\/tagm-step-1.png"}],"twitter_card":"summary_large_image","twitter_misc":{"Estimeret l\u00e6setid":"2 minutter"},"schema":{"@context":"https:\/\/schema.org","@graph":[{"@type":"WebPage","@id":"https:\/\/cookiemanager.io\/da\/dokumentation\/tagmanager-trigger\/","url":"https:\/\/cookiemanager.io\/da\/dokumentation\/tagmanager-trigger\/","name":"Tagmanager Trigger - Cookie Manager","isPartOf":{"@id":"https:\/\/cookiemanager.io\/da\/#website"},"datePublished":"2024-09-23T07:54:55+00:00","dateModified":"2024-09-23T07:59:10+00:00","breadcrumb":{"@id":"https:\/\/cookiemanager.io\/da\/dokumentation\/tagmanager-trigger\/#breadcrumb"},"inLanguage":"da-DK","potentialAction":[{"@type":"ReadAction","target":["https:\/\/cookiemanager.io\/da\/dokumentation\/tagmanager-trigger\/"]}]},{"@type":"BreadcrumbList","@id":"https:\/\/cookiemanager.io\/da\/dokumentation\/tagmanager-trigger\/#breadcrumb","itemListElement":[{"@type":"ListItem","position":1,"name":"Hjem","item":"https:\/\/cookiemanager.io\/da\/"},{"@type":"ListItem","position":2,"name":"Dokumentation","item":"https:\/\/cookiemanager.io\/da\/dokumentation\/"},{"@type":"ListItem","position":3,"name":"Tagmanager Trigger"}]},{"@type":"WebSite","@id":"https:\/\/cookiemanager.io\/da\/#website","url":"https:\/\/cookiemanager.io\/da\/","name":"Cookie Manager","description":"","potentialAction":[{"@type":"SearchAction","target":{"@type":"EntryPoint","urlTemplate":"https:\/\/cookiemanager.io\/da\/?s={search_term_string}"},"query-input":"required name=search_term_string"}],"inLanguage":"da-DK"}]}},"_links":{"self":[{"href":"https:\/\/cookiemanager.io\/da\/wp-json\/wp\/v2\/pages\/851"}],"collection":[{"href":"https:\/\/cookiemanager.io\/da\/wp-json\/wp\/v2\/pages"}],"about":[{"href":"https:\/\/cookiemanager.io\/da\/wp-json\/wp\/v2\/types\/page"}],"author":[{"embeddable":true,"href":"https:\/\/cookiemanager.io\/da\/wp-json\/wp\/v2\/users\/1"}],"replies":[{"embeddable":true,"href":"https:\/\/cookiemanager.io\/da\/wp-json\/wp\/v2\/comments?post=851"}],"version-history":[{"count":2,"href":"https:\/\/cookiemanager.io\/da\/wp-json\/wp\/v2\/pages\/851\/revisions"}],"predecessor-version":[{"id":859,"href":"https:\/\/cookiemanager.io\/da\/wp-json\/wp\/v2\/pages\/851\/revisions\/859"}],"up":[{"embeddable":true,"href":"https:\/\/cookiemanager.io\/da\/wp-json\/wp\/v2\/pages\/857"}],"wp:attachment":[{"href":"https:\/\/cookiemanager.io\/da\/wp-json\/wp\/v2\/media?parent=851"}],"curies":[{"name":"wp","href":"https:\/\/api.w.org\/{rel}","templated":true}]}}