{"id":844,"date":"2024-09-23T09:33:32","date_gmt":"2024-09-23T07:33:32","guid":{"rendered":"https:\/\/cookiemanager.io\/da\/?page_id=844"},"modified":"2024-09-23T10:26:12","modified_gmt":"2024-09-23T08:26:12","slug":"script-attributter","status":"publish","type":"page","link":"https:\/\/cookiemanager.io\/da\/dokumentation\/script-attributter\/","title":{"rendered":"Script attributter"},"content":{"rendered":"<table border=\"1\">\n<tbody>\n<tr>\n<td><strong>Attribut Navn<\/strong><\/td>\n<td><strong>Beskrivelse<\/strong><\/td>\n<td><strong>Standardv\u00e6rdi\/<br \/>\nfallback<\/strong><\/td>\n<\/tr>\n<tr>\n<td>data-cookiemanager<\/td>\n<td>Dette er et p\u00e5kr\u00e6vet attribut som giver scriptet mulighed for at kende sig selv under skanning.<\/td>\n<td>true<\/td>\n<\/tr>\n<tr>\n<td>data-domain<\/td>\n<td>indikere hvilke dom\u00e6ne cookiemanageren tilh\u00f8rer, dette kan v\u00e6re nyttigt p\u00e5 testsites som ikke endnu er live.<\/td>\n<td>window.location.hostname<\/td>\n<\/tr>\n<tr>\n<td>data-subdomain-support<\/td>\n<td>Subdom\u00e6ner som deler cookies\u00a0 med hoveddom\u00e6net skal have dette attribut sat til true<\/td>\n<td>false<\/td>\n<\/tr>\n<tr>\n<td>data-lang<\/td>\n<td>Hvis man vil s\u00e6tte et andet sprog end det som siden er p\u00e5, kan man definere det her, enten \u201cda\u201d eller \u201cen\u201d and sprogsupport kommer.<\/td>\n<td>html lang attribute<\/td>\n<\/tr>\n<tr>\n<td>data-policy-link<\/td>\n<td>Et link til en eventuel persondatapolitik underside<\/td>\n<td>false<\/td>\n<\/tr>\n<tr>\n<td>data-repop-element<\/td>\n<td>\n<p>Bestemmer placeringen p\u00e5 repop elementet, accepterer \u2018left\u2019, \u2018right\u2019 og \u2018off\u2019<\/p>\n<p>v\u00e6r opm\u00e6rksom p\u00e5 hvis den er sat til \u2018off\u2019 s\u00e5 skal der v\u00e6re et link til at repope consent et sted p\u00e5 hver enkelt underside, eventuelt i footeren<\/td>\n<td>left<\/td>\n<\/tr>\n<tr>\n<td>data-block-content<\/td>\n<td>\n<p>Bestemmer om cookiescriptet skal g\u00e5 ind og blokere andet indhold end cookies, hvis brugere siger nej til modallen, eller imens vi afventer consent<\/p>\n<p>accepterer en string som indeholder f\u00f8lgende elementer \u201ciframe\u201d, \u201cscript\u201d, \u201cimage\u201d, \u201cfetch\u201d<\/p>\n<p>eksempel: data-block-content=\u201diframe, script, fetch\u201d<\/td>\n<td>\u201c\u201d<\/td>\n<\/tr>\n<tr>\n<td>data-use-csp<\/td>\n<td>\n<p>ops\u00e6tter en Content Security Policy for et dom\u00e6ne s\u00e5 det blokerer alle scripts, det er ret aggressivt, s\u00e5 pas p\u00e5 med at bruge det.<\/p>\n<p>eksempel: data-block-content=\u201dtrue\u201d<\/td>\n<td>false<\/td>\n<\/tr>\n<tr>\n<td>data-logo<\/td>\n<td>\n<p>kommasepareret liste med url til logo, bredde, h\u00f8jde og placering, mulighederne for placering er left, center og right, og hvis det parameter ikke er sat, er center fallback.<\/p>\n<p>eksempel: data-block-content=\u201d\/images\/logo.png, 70, 85, left\u201d<\/td>\n<td>false<\/td>\n<\/tr>\n<\/tbody>\n<\/table>\n<p>&nbsp;<\/p>\n","protected":false},"excerpt":{"rendered":"<p>Attribut Navn Beskrivelse Standardv\u00e6rdi\/ fallback data-cookiemanager Dette er et p\u00e5kr\u00e6vet attribut som giver scriptet mulighed for at kende sig selv&#8230;<\/p>\n","protected":false},"author":1,"featured_media":0,"parent":857,"menu_order":0,"comment_status":"closed","ping_status":"closed","template":"","meta":{"footnotes":""},"acf":[],"yoast_head":"<!-- This site is optimized with the Yoast SEO plugin v21.5 - https:\/\/yoast.com\/wordpress\/plugins\/seo\/ -->\n<title>Script attributter - Cookie Manager<\/title>\n<meta name=\"robots\" content=\"index, follow, max-snippet:-1, max-image-preview:large, max-video-preview:-1\" \/>\n<link rel=\"canonical\" href=\"https:\/\/cookiemanager.io\/da\/dokumentation\/script-attributter\/\" \/>\n<meta property=\"og:locale\" content=\"da_DK\" \/>\n<meta property=\"og:type\" content=\"article\" \/>\n<meta property=\"og:title\" content=\"Script attributter - Cookie Manager\" \/>\n<meta property=\"og:description\" content=\"Attribut Navn Beskrivelse Standardv\u00e6rdi\/ fallback data-cookiemanager Dette er et p\u00e5kr\u00e6vet attribut som giver scriptet mulighed for at kende sig selv...\" \/>\n<meta property=\"og:url\" content=\"https:\/\/cookiemanager.io\/da\/dokumentation\/script-attributter\/\" \/>\n<meta property=\"og:site_name\" content=\"Cookie Manager\" \/>\n<meta property=\"article:modified_time\" content=\"2024-09-23T08:26:12+00:00\" \/>\n<meta name=\"twitter:card\" content=\"summary_large_image\" \/>\n<meta name=\"twitter:label1\" content=\"Estimeret l\u00e6setid\" \/>\n\t<meta name=\"twitter:data1\" content=\"2 minutter\" \/>\n<!-- \/ Yoast SEO plugin. -->","yoast_head_json":{"title":"Script attributter - Cookie Manager","robots":{"index":"index","follow":"follow","max-snippet":"max-snippet:-1","max-image-preview":"max-image-preview:large","max-video-preview":"max-video-preview:-1"},"canonical":"https:\/\/cookiemanager.io\/da\/dokumentation\/script-attributter\/","og_locale":"da_DK","og_type":"article","og_title":"Script attributter - Cookie Manager","og_description":"Attribut Navn Beskrivelse Standardv\u00e6rdi\/ fallback data-cookiemanager Dette er et p\u00e5kr\u00e6vet attribut som giver scriptet mulighed for at kende sig selv...","og_url":"https:\/\/cookiemanager.io\/da\/dokumentation\/script-attributter\/","og_site_name":"Cookie Manager","article_modified_time":"2024-09-23T08:26:12+00:00","twitter_card":"summary_large_image","twitter_misc":{"Estimeret l\u00e6setid":"2 minutter"},"schema":{"@context":"https:\/\/schema.org","@graph":[{"@type":"WebPage","@id":"https:\/\/cookiemanager.io\/da\/dokumentation\/script-attributter\/","url":"https:\/\/cookiemanager.io\/da\/dokumentation\/script-attributter\/","name":"Script attributter - Cookie Manager","isPartOf":{"@id":"https:\/\/cookiemanager.io\/da\/#website"},"datePublished":"2024-09-23T07:33:32+00:00","dateModified":"2024-09-23T08:26:12+00:00","breadcrumb":{"@id":"https:\/\/cookiemanager.io\/da\/dokumentation\/script-attributter\/#breadcrumb"},"inLanguage":"da-DK","potentialAction":[{"@type":"ReadAction","target":["https:\/\/cookiemanager.io\/da\/dokumentation\/script-attributter\/"]}]},{"@type":"BreadcrumbList","@id":"https:\/\/cookiemanager.io\/da\/dokumentation\/script-attributter\/#breadcrumb","itemListElement":[{"@type":"ListItem","position":1,"name":"Hjem","item":"https:\/\/cookiemanager.io\/da\/"},{"@type":"ListItem","position":2,"name":"Dokumentation","item":"https:\/\/cookiemanager.io\/da\/dokumentation\/"},{"@type":"ListItem","position":3,"name":"Script attributter"}]},{"@type":"WebSite","@id":"https:\/\/cookiemanager.io\/da\/#website","url":"https:\/\/cookiemanager.io\/da\/","name":"Cookie Manager","description":"","potentialAction":[{"@type":"SearchAction","target":{"@type":"EntryPoint","urlTemplate":"https:\/\/cookiemanager.io\/da\/?s={search_term_string}"},"query-input":"required name=search_term_string"}],"inLanguage":"da-DK"}]}},"_links":{"self":[{"href":"https:\/\/cookiemanager.io\/da\/wp-json\/wp\/v2\/pages\/844"}],"collection":[{"href":"https:\/\/cookiemanager.io\/da\/wp-json\/wp\/v2\/pages"}],"about":[{"href":"https:\/\/cookiemanager.io\/da\/wp-json\/wp\/v2\/types\/page"}],"author":[{"embeddable":true,"href":"https:\/\/cookiemanager.io\/da\/wp-json\/wp\/v2\/users\/1"}],"replies":[{"embeddable":true,"href":"https:\/\/cookiemanager.io\/da\/wp-json\/wp\/v2\/comments?post=844"}],"version-history":[{"count":7,"href":"https:\/\/cookiemanager.io\/da\/wp-json\/wp\/v2\/pages\/844\/revisions"}],"predecessor-version":[{"id":865,"href":"https:\/\/cookiemanager.io\/da\/wp-json\/wp\/v2\/pages\/844\/revisions\/865"}],"up":[{"embeddable":true,"href":"https:\/\/cookiemanager.io\/da\/wp-json\/wp\/v2\/pages\/857"}],"wp:attachment":[{"href":"https:\/\/cookiemanager.io\/da\/wp-json\/wp\/v2\/media?parent=844"}],"curies":[{"name":"wp","href":"https:\/\/api.w.org\/{rel}","templated":true}]}}