{"id":800,"date":"2024-02-05T16:54:14","date_gmt":"2024-02-05T15:54:14","guid":{"rendered":"https:\/\/cookiemanager.io\/?page_id=800"},"modified":"2024-05-06T09:22:33","modified_gmt":"2024-05-06T07:22:33","slug":"betingelser","status":"publish","type":"page","link":"https:\/\/cookiemanager.io\/da\/betingelser\/","title":{"rendered":"Betingelser"},"content":{"rendered":"<p>Velkommen til Cookie Manager! F\u00f8r du begynder at bruge vores tjeneste, bedes du venligst gennemg\u00e5 f\u00f8lgende betingelser omhyggeligt:<\/p>\n<ol>\n<li><strong>Accept af Betingelser<\/strong>: Ved at bruge Cookie Manager accepterer du at v\u00e6re bundet af disse betingelser. Hvis du ikke accepterer betingelserne, bedes du venligst undlade at bruge vores tjeneste.<\/li>\n<li><strong>Cookie-Indstillinger<\/strong>: Cookie Manager giver dig mulighed for at administrere dine cookie-indstillinger p\u00e5 tv\u00e6rs af forskellige hjemmesider. Ved at bruge vores tjeneste accepterer du vores cookie-politik og samtykker til brugen af cookies i overensstemmelse hermed.<\/li>\n<li><strong>Privatlivsbeskyttelse<\/strong>: Vi prioriterer beskyttelsen af dit privatliv. Cookie Manager overholder g\u00e6ldende love og bestemmelser om databeskyttelse og privatlivets fred. Vi indsamler kun n\u00f8dvendige oplysninger i overensstemmelse med vores privatlivspolitik.<\/li>\n<li><strong>Ansvarsfraskrivelse<\/strong>: Vi fraskriver os alt lovm\u00e6ssigt ansvar i forbindelse med din brug af Cookie Manager. Det er dit ansvar som bruger at sikre, at du overholder alle relevante love og regler vedr\u00f8rende databeskyttelse og brugen af cookies.<\/li>\n<li><strong>\u00c6ndringer i Betingelser<\/strong>: Vi forbeholder os retten til at \u00e6ndre disse betingelser med j\u00e6vne mellemrum. Det er dit ansvar at holde dig opdateret om \u00e6ndringerne ved at gennemg\u00e5 betingelserne regelm\u00e6ssigt.<\/li>\n<\/ol>\n<p>Ved at forts\u00e6tte med at bruge Cookie Manager bekr\u00e6fter du din accept af ovenst\u00e5ende betingelser. Hvis du har sp\u00f8rgsm\u00e5l eller bekymringer vedr\u00f8rende vores betingelser, er du velkommen til at kontakte os.<\/p>\n","protected":false},"excerpt":{"rendered":"<p>Velkommen til Cookie Manager! F\u00f8r du begynder at bruge vores tjeneste, bedes du venligst gennemg\u00e5 f\u00f8lgende betingelser omhyggeligt: Accept af&#8230;<\/p>\n","protected":false},"author":1,"featured_media":0,"parent":0,"menu_order":0,"comment_status":"closed","ping_status":"closed","template":"","meta":{"footnotes":""},"acf":[],"yoast_head":"<!-- This site is optimized with the Yoast SEO plugin v21.5 - https:\/\/yoast.com\/wordpress\/plugins\/seo\/ -->\n<title>Betingelser - Cookie Manager<\/title>\n<meta name=\"robots\" content=\"index, follow, max-snippet:-1, max-image-preview:large, max-video-preview:-1\" \/>\n<link rel=\"canonical\" href=\"https:\/\/cookiemanager.io\/da\/betingelser\/\" \/>\n<meta property=\"og:locale\" content=\"da_DK\" \/>\n<meta property=\"og:type\" content=\"article\" \/>\n<meta property=\"og:title\" content=\"Betingelser - Cookie Manager\" \/>\n<meta property=\"og:description\" content=\"Velkommen til Cookie Manager! F\u00f8r du begynder at bruge vores tjeneste, bedes du venligst gennemg\u00e5 f\u00f8lgende betingelser omhyggeligt: Accept af...\" \/>\n<meta property=\"og:url\" content=\"https:\/\/cookiemanager.io\/da\/betingelser\/\" \/>\n<meta property=\"og:site_name\" content=\"Cookie Manager\" \/>\n<meta property=\"article:modified_time\" content=\"2024-05-06T07:22:33+00:00\" \/>\n<meta name=\"twitter:card\" content=\"summary_large_image\" \/>\n<meta name=\"twitter:label1\" content=\"Estimeret l\u00e6setid\" \/>\n\t<meta name=\"twitter:data1\" content=\"2 minutter\" \/>\n<!-- \/ Yoast SEO plugin. -->","yoast_head_json":{"title":"Betingelser - Cookie Manager","robots":{"index":"index","follow":"follow","max-snippet":"max-snippet:-1","max-image-preview":"max-image-preview:large","max-video-preview":"max-video-preview:-1"},"canonical":"https:\/\/cookiemanager.io\/da\/betingelser\/","og_locale":"da_DK","og_type":"article","og_title":"Betingelser - Cookie Manager","og_description":"Velkommen til Cookie Manager! F\u00f8r du begynder at bruge vores tjeneste, bedes du venligst gennemg\u00e5 f\u00f8lgende betingelser omhyggeligt: Accept af...","og_url":"https:\/\/cookiemanager.io\/da\/betingelser\/","og_site_name":"Cookie Manager","article_modified_time":"2024-05-06T07:22:33+00:00","twitter_card":"summary_large_image","twitter_misc":{"Estimeret l\u00e6setid":"2 minutter"},"schema":{"@context":"https:\/\/schema.org","@graph":[{"@type":"WebPage","@id":"https:\/\/cookiemanager.io\/da\/betingelser\/","url":"https:\/\/cookiemanager.io\/da\/betingelser\/","name":"Betingelser - Cookie Manager","isPartOf":{"@id":"https:\/\/cookiemanager.io\/da\/#website"},"datePublished":"2024-02-05T15:54:14+00:00","dateModified":"2024-05-06T07:22:33+00:00","breadcrumb":{"@id":"https:\/\/cookiemanager.io\/da\/betingelser\/#breadcrumb"},"inLanguage":"da-DK","potentialAction":[{"@type":"ReadAction","target":["https:\/\/cookiemanager.io\/da\/betingelser\/"]}]},{"@type":"BreadcrumbList","@id":"https:\/\/cookiemanager.io\/da\/betingelser\/#breadcrumb","itemListElement":[{"@type":"ListItem","position":1,"name":"Hjem","item":"https:\/\/cookiemanager.io\/da\/"},{"@type":"ListItem","position":2,"name":"Betingelser"}]},{"@type":"WebSite","@id":"https:\/\/cookiemanager.io\/da\/#website","url":"https:\/\/cookiemanager.io\/da\/","name":"Cookie Manager","description":"","potentialAction":[{"@type":"SearchAction","target":{"@type":"EntryPoint","urlTemplate":"https:\/\/cookiemanager.io\/da\/?s={search_term_string}"},"query-input":"required name=search_term_string"}],"inLanguage":"da-DK"}]}},"_links":{"self":[{"href":"https:\/\/cookiemanager.io\/da\/wp-json\/wp\/v2\/pages\/800"}],"collection":[{"href":"https:\/\/cookiemanager.io\/da\/wp-json\/wp\/v2\/pages"}],"about":[{"href":"https:\/\/cookiemanager.io\/da\/wp-json\/wp\/v2\/types\/page"}],"author":[{"embeddable":true,"href":"https:\/\/cookiemanager.io\/da\/wp-json\/wp\/v2\/users\/1"}],"replies":[{"embeddable":true,"href":"https:\/\/cookiemanager.io\/da\/wp-json\/wp\/v2\/comments?post=800"}],"version-history":[{"count":7,"href":"https:\/\/cookiemanager.io\/da\/wp-json\/wp\/v2\/pages\/800\/revisions"}],"predecessor-version":[{"id":832,"href":"https:\/\/cookiemanager.io\/da\/wp-json\/wp\/v2\/pages\/800\/revisions\/832"}],"wp:attachment":[{"href":"https:\/\/cookiemanager.io\/da\/wp-json\/wp\/v2\/media?parent=800"}],"curies":[{"name":"wp","href":"https:\/\/api.w.org\/{rel}","templated":true}]}}